{"id":1506,"date":"2015-11-24T07:23:20","date_gmt":"2015-11-24T07:23:20","guid":{"rendered":"http:\/\/localhost\/invento\/?page_id=1506"},"modified":"2021-05-18T15:52:24","modified_gmt":"2021-05-18T12:52:24","slug":"services","status":"publish","type":"page","link":"https:\/\/gss.com.az\/az\/services\/","title":{"rendered":"Xidm\u0259tl\u0259r"},"content":{"rendered":"<p>[vc_row css=&#8221;.vc_custom_1620038629429{margin-bottom: -80px !important;}&#8221; el_id=&#8221;services_id&#8221;][vc_column]<section class=\"section padding-top-off\"><div class=\"container\"><div class=\"row\"><div class=\"col-xs-12\"><div class=\"section-title type-2 opacity\"><h3>B\u0130Z\u0130M X\u0130DM\u018fTL\u018fR<\/h3><h4><\/h4><\/div><\/div><\/div><\/div><div class=\"container\"><div class=\"row\"><div class=\"col-lg-3 col-sm-3\"><div class=\"row-article opacityRun\"><div class=\"row-circle\"><i class=\"row-circle-icon fas fa-temperature-high\"><\/i><\/div><div class=\"content-text\"><h3 class=\"content-boxes-title\">\u0130stilik sisteml\u0259ri<\/h3><p><\/p><\/div><\/div><\/div><div class=\"col-lg-3 col-sm-3\"><div class=\"row-article opacityRun\"><a href=\"http:\/\/themeforest.net\/user\/klbtheme\/portfolio\" target=\"_blank\" title=\"fresh solutions\"><div class=\"row-circle\"><i class=\"row-circle-icon fas fa-snowflake\"><\/i><\/div><div class=\"content-text\"><h3 class=\"content-boxes-title\">Soyutma sisteml\u0259ri<\/h3><p><\/p><\/div><\/a><\/div><\/div><div class=\"col-lg-3 col-sm-3\"><div class=\"row-article opacityRun\"><a href=\"http:\/\/themeforest.net\/user\/klbtheme\/portfolio\" target=\"_blank\" title=\"hight quality\"><div class=\"row-circle\"><i class=\"row-circle-icon fas fa-fan\"><\/i><\/div><div class=\"content-text\"><h3 class=\"content-boxes-title\">Havaland\u0131rma sisteml\u0259ri<\/h3><p><\/p><\/div><\/a><\/div><\/div><div class=\"col-lg-3 col-sm-3\"><div class=\"row-article opacityRun\"><a href=\"http:\/\/themeforest.net\/user\/klbtheme\/portfolio\" target=\"_blank\" title=\"great support\"><div class=\"row-circle\"><i class=\"row-circle-icon fas fa-fire-extinguisher\"><\/i><\/div><div class=\"content-text\"><h3 class=\"content-boxes-title\">Su Bazl\u0131 Yang\u0131nla M\u00fccadele Sistemleri<\/h3><p><\/p><\/div><\/a><\/div><\/div><div class=\"col-lg-3 col-sm-3\"><div class=\"row-article opacityRun\"><a href=\"http:\/\/themeforest.net\/user\/klbtheme\/portfolio\" target=\"_blank\" title=\"great support\"><div class=\"row-circle\"><i class=\"row-circle-icon fas fa-tint\"><\/i><\/div><div class=\"content-text\"><h3 class=\"content-boxes-title\">T\u0259miz su sisteml\u0259ri<\/h3><p><\/p><\/div><\/a><\/div><\/div><div class=\"col-lg-3 col-sm-3\"><div class=\"row-article opacityRun\"><div class=\"row-circle\"><i class=\"row-circle-icon fas fa-trash-restore\"><\/i><\/div><div class=\"content-text\"><h3 class=\"content-boxes-title\">Kanalizasiya sisteml\u0259ri<\/h3><p><\/p><\/div><\/div><\/div><div class=\"col-lg-3 col-sm-3\"><div class=\"row-article opacityRun\"><a href=\"http:\/\/themeforest.net\/user\/klbtheme\/portfolio\" target=\"_blank\" title=\"great support\"><div class=\"row-circle\"><i class=\"row-circle-icon far fa-building\"><\/i><\/div><div class=\"content-text\"><h3 class=\"content-boxes-title\">\u0130nfrastruktur sisteml\u0259ri<\/h3><p><\/p><\/div><\/a><\/div><\/div><div class=\"col-lg-3 col-sm-3\"><div class=\"row-article opacityRun\"><div class=\"row-circle\"><i class=\"row-circle-icon fas fa-swimming-pool\"><\/i><\/div><div class=\"content-text\"><h3 class=\"content-boxes-title\">Hovuz sisteml\u0259ri<\/h3><p><\/p><\/div><\/div><\/div><div class=\"col-lg-3 col-sm-3\"><div class=\"row-article opacityRun\"><div class=\"row-circle\"><i class=\"row-circle-icon fas fa-tasks\"><\/i><\/div><div class=\"content-text\"><h3 class=\"content-boxes-title\">Layih\u0259 dizayn\u0131 v\u0259 m\u0259sl\u0259h\u0259t<\/h3><p><\/p><\/div><\/div><\/div><div class=\"col-lg-3 col-sm-3\"><div class=\"row-article opacityRun\"><div class=\"row-circle\"><i class=\"row-circle-icon fas fa-bolt\"><\/i><\/div><div class=\"content-text\"><h3 class=\"content-boxes-title\">Elektrik i\u015fl\u0259ri<\/h3><p><\/p><\/div><\/div><\/div><div class=\"col-lg-3 col-sm-3\"><div class=\"row-article opacityRun\"><div class=\"row-circle\"><i class=\"row-circle-icon fas fa-industry\"><\/i><\/div><div class=\"content-text\"><h3 class=\"content-boxes-title\">S\u0259naye tipli ar\u0131tma sisteml\u0259ri<\/h3><p><\/p><\/div><\/div><\/div><div class=\"col-lg-3 col-sm-3\"><div class=\"row-article opacityRun\"><div class=\"row-circle\"><i class=\"row-circle-icon fas fa-cart-arrow-down\"><\/i><\/div><div class=\"content-text\"><h3 class=\"content-boxes-title\">Sat\u0131\u015f xidm\u0259tl\u0259ri<\/h3><p><\/p><\/div><\/div><\/div><div class=\"col-lg-3 col-sm-3\"><div class=\"row-article opacityRun\"><div class=\"row-circle\"><i class=\"row-circle-icon fas fa-tools\"><\/i><\/div><div class=\"content-text\"><h3 class=\"content-boxes-title\">Servis xidm\u0259tl\u0259ri<\/h3><p><\/p><\/div><\/div><\/div><\/div><\/div><\/section>[\/vc_column][\/vc_row][vc_row][vc_column css=&#8221;.vc_custom_1448635363593{padding-bottom: 30px !important;}&#8221;]<div class=\"section-title opacity\"><h3>\u018fSAS X\u0130DM\u018fTL\u018fR\u0130M\u0130Z<\/h3><h4>siz\u0259 t\u0259klif etm\u0259kd\u0259n \u00e7ox m\u0259mnunuq<\/h4><\/div>[\/vc_column][vc_column width=&#8221;1\/3&#8243;]<div class=\"service-article opacity\"><div class=\"service-image\"><div class=\"work-item lazy-image img\"><div class=\"lazy\"><i  class=\"G G_1\"><\/i><i  class=\"G G_2\"><\/i><i  class=\"G G_3\"><\/i><i  class=\"G G_4\"><\/i><i  class=\"G G_5\"><\/i><i  class=\"G G_6\"><\/i><i  class=\"G G_7\"><\/i><i  class=\"G G_8\"><\/i><\/div><img src=\"https:\/\/gss.com.az\/wp-content\/uploads\/2015\/11\/service-1.jpg\" alt=\"We offer professional architecture solutions\" \/><div class=\"image-extra\"><\/div><!--\/ .image-extra--><\/div><!--\/ .work-item--><\/div><div class=\"service-description\"><a href=\"http:\/\/themeforest.net\/user\/klbtheme\/portfolio\" target=\"_blank\" title=\"klbtheme\"><h4 class=\"service-description-tite\">Professional memarl\u0131q h\u0259ll\u0259ri t\u0259klif edirik<\/h4><\/a><p><\/p><\/div><!--\/ .service-description--><\/div><!--\/ .service-article-->[\/vc_column][vc_column width=&#8221;1\/3&#8243;]<div class=\"service-article opacity\"><div class=\"service-image\"><div class=\"work-item lazy-image img\"><div class=\"lazy\"><i  class=\"G G_1\"><\/i><i  class=\"G G_2\"><\/i><i  class=\"G G_3\"><\/i><i  class=\"G G_4\"><\/i><i  class=\"G G_5\"><\/i><i  class=\"G G_6\"><\/i><i  class=\"G G_7\"><\/i><i  class=\"G G_8\"><\/i><\/div><img src=\"https:\/\/gss.com.az\/wp-content\/uploads\/2015\/11\/service-2.jpg\" alt=\"We implement the latest trends of design\" \/><div class=\"image-extra\"><\/div><!--\/ .image-extra--><\/div><!--\/ .work-item--><\/div><div class=\"service-description\"><a href=\"http:\/\/themeforest.net\/user\/klbtheme\/portfolio\" target=\"_blank\" title=\"klbtheme\"><h4 class=\"service-description-tite\">\u018fn son dizayn meyll\u0259rini t\u0259tbiq edirik<\/h4><\/a><p><\/p><\/div><!--\/ .service-description--><\/div><!--\/ .service-article-->[\/vc_column][vc_column width=&#8221;1\/3&#8243;]<div class=\"service-article opacity\"><div class=\"service-image\"><div class=\"work-item lazy-image img\"><div class=\"lazy\"><i  class=\"G G_1\"><\/i><i  class=\"G G_2\"><\/i><i  class=\"G G_3\"><\/i><i  class=\"G G_4\"><\/i><i  class=\"G G_5\"><\/i><i  class=\"G G_6\"><\/i><i  class=\"G G_7\"><\/i><i  class=\"G G_8\"><\/i><\/div><img src=\"https:\/\/gss.com.az\/wp-content\/uploads\/2015\/11\/service-3.jpg\" alt=\"We produce great ideas and build new\" \/><div class=\"image-extra\"><\/div><!--\/ .image-extra--><\/div><!--\/ .work-item--><\/div><div class=\"service-description\"><a href=\"http:\/\/themeforest.net\/user\/klbtheme\/portfolio\" target=\"_blank\" title=\"klbtheme\"><h4 class=\"service-description-tite\">M\u00f6ht\u0259\u015f\u0259m fikirl\u0259r v\u0259 yenilikl\u0259r yarad\u0131riq<\/h4><\/a><p><\/p><\/div><!--\/ .service-description--><\/div><!--\/ .service-article-->[\/vc_column][\/vc_row]<\/p>","protected":false},"excerpt":{"rendered":"<p>[vc_row css=&#8221;.vc_custom_1620038629429{margin-bottom: -80px !important;}&#8221; el_id=&#8221;services_id&#8221;][vc_column][\/vc_column][\/vc_row][vc_row][vc_column css=&#8221;.vc_custom_1448635363593{padding-bottom: 30px !important;}&#8221;][\/vc_column][vc_column width=&#8221;1\/3&#8243;][\/vc_column][vc_column width=&#8221;1\/3&#8243;][\/vc_column][vc_column width=&#8221;1\/3&#8243;][\/vc_column][\/vc_row]<\/p>","protected":false},"author":1,"featured_media":0,"parent":0,"menu_order":0,"comment_status":"closed","ping_status":"closed","template":"","meta":[],"_links":{"self":[{"href":"https:\/\/gss.com.az\/az\/wp-json\/wp\/v2\/pages\/1506"}],"collection":[{"href":"https:\/\/gss.com.az\/az\/wp-json\/wp\/v2\/pages"}],"about":[{"href":"https:\/\/gss.com.az\/az\/wp-json\/wp\/v2\/types\/page"}],"author":[{"embeddable":true,"href":"https:\/\/gss.com.az\/az\/wp-json\/wp\/v2\/users\/1"}],"replies":[{"embeddable":true,"href":"https:\/\/gss.com.az\/az\/wp-json\/wp\/v2\/comments?post=1506"}],"version-history":[{"count":18,"href":"https:\/\/gss.com.az\/az\/wp-json\/wp\/v2\/pages\/1506\/revisions"}],"predecessor-version":[{"id":4132,"href":"https:\/\/gss.com.az\/az\/wp-json\/wp\/v2\/pages\/1506\/revisions\/4132"}],"wp:attachment":[{"href":"https:\/\/gss.com.az\/az\/wp-json\/wp\/v2\/media?parent=1506"}],"curies":[{"name":"wp","href":"https:\/\/api.w.org\/{rel}","templated":true}]}}