{"id":1542,"date":"2015-11-25T06:29:27","date_gmt":"2015-11-25T06:29:27","guid":{"rendered":"http:\/\/localhost\/invento\/?page_id=1542"},"modified":"2021-05-18T11:34:56","modified_gmt":"2021-05-18T08:34:56","slug":"about-us","status":"publish","type":"page","link":"https:\/\/gss.com.az\/az\/about-us\/","title":{"rendered":"Haqq\u0131m\u0131zda"},"content":{"rendered":"<p>[vc_row css=&#8221;.vc_custom_1617475795574{margin-bottom: 40px !important;}&#8221;][vc_column width=&#8221;1\/2&#8243;]<div class=\"opacity\"><h3 class=\"side-gallery-title\"><\/h3><p>\u201dGSS.AZ\u201d MMC Koreyan\u0131n \u201cLG\u201d \u015firk\u0259tinin soyutma-isitm\u0259 qur\u011fular\u0131n\u0131n sat\u0131\u015f\u0131 v\u0259 montaj\u0131 \u00fczr\u0259 Az\u0259rbaycan Respublikas\u0131nda r\u0259smi t\u0259msil\u00e7i olmaqla yana\u015f\u0131, t\u0259hl\u00fck\u0259sizlik v\u0259 m\u00fchafiz\u0259 vasit\u0259l\u0259rinin texniki t\u0259chizat\u0131 \u00fczr\u0259 xidm\u0259t sah\u0259sind\u0259 bazarda b\u00f6y\u00fck i\u015f t\u0259cr\u00fcb\u0259si olan \u00f6z\u0259l \u015firk\u0259tdir. \u015eirk\u0259tin t\u0259klif etdiyi m\u0259hsullar bir s\u0131ra tam funksional qur\u011fular, m\u00fchafiz\u0259-yan\u011f\u0131n siqnalizasiya, havaland\u0131rma v\u0259 kondisioner, qazanxana, elektrik sisteml\u0259ri, professional videom\u00fc\u015fahid\u0259, giri\u015f\u0259 v\u0259 \u00e7\u0131x\u0131\u015fa n\u0259zar\u0259t v\u0259 i\u015f vaxt\u0131n\u0131n hesablanmas\u0131 \u00fczr\u0259 d\u00fcnya bazar\u0131n\u0131n apar\u0131c\u0131 istehsal\u00e7\u0131lar\u0131n\u0131n t\u0259klif etdiyi sisteml\u0259rd\u0259n ibar\u0259tdir. \u015eirk\u0259t \u00f6z m\u00fct\u0259x\u0259ssisl\u0259rinin daimi t\u0259kmill\u0259\u015fdirm\u0259sin\u0259 v\u0259 y\u00fcks\u0259k s\u0259viyy\u0259li pe\u015f\u0259karlar\u0131n, innovasiya ideyalar\u0131n\u0131n realla\u015fd\u0131rmas\u0131 v\u0259 planla\u015fd\u0131rmada z\u0259ngin t\u0259cr\u00fcb\u0259si olan istehsal\u00e7\u0131lar\u0131 \u0259m\u0259kda\u015fl\u0131\u011fa c\u0259lb etm\u0259y\u0259 b\u00f6y\u00fck diqq\u0259t ay\u0131r\u0131r, onlara \u00f6z istedadlar\u0131n\u0131 inki\u015faf etdirm\u0259k \u00fc\u00e7\u00fcn \u015f\u0259rait v\u0259 imkan yaradaraq, qabiliyy\u0259tl\u0259rd\u0259n maksimal d\u0259r\u0259c\u0259d\u0259 istifad\u0259 etm\u0259k v\u0259 f\u0259aliyy\u0259tin \u0259n maraql\u0131 sah\u0259l\u0259rind\u0259 \u00f6z\u00fcn\u00fc tamamil\u0259 realla\u015fd\u0131rmaq imkan\u0131 yarad\u0131r. \u015eirk\u0259timiz bir s\u0131ra D\u00f6vl\u0259t tenderl\u0259rind\u0259 i\u015ftirak etmi\u015f v\u0259 qalib oldu\u011fu tenderl\u0259rd\u0259 g\u00f6r\u00fcl\u0259c\u0259k i\u015fl\u0259ri keyfiyy\u0259tl\u0259 yerin\u0259 yetirmi\u015f v\u0259 vaxt\u0131ndan \u0259vv\u0259l sifari\u015f\u00e7i qurumlara t\u0259hvil vermi\u015fdir. Buna m\u0131sal olaraq (Bak\u0131 Metropoliteni QSC, N\u0259qliyyat,Rabit\u0259 v\u0259 Y\u00fcks\u0259k Texnologiyalar Nazirliyi, SOCAR, Pa\u015fa Holding Data M\u0259rk\u0259zi v\u0259 s.)<\/p><\/div>[\/vc_column][vc_column width=&#8221;1\/2&#8243; css=&#8221;.vc_custom_1617631070020{margin-top: -5px !important;}&#8221;][vc_single_image image=&#8221;4359&#8243; img_size=&#8221;large&#8221; css=&#8221;.vc_custom_1617631515163{margin-top: 20px !important;}&#8221;][\/vc_column][\/vc_row][vc_row][vc_column width=&#8221;1\/4&#8243;][vc_single_image image=&#8221;3033&#8243; img_size=&#8221;large&#8221; onclick=&#8221;link_image&#8221;][\/vc_column][vc_column width=&#8221;1\/4&#8243;][vc_single_image image=&#8221;3080&#8243; img_size=&#8221;large&#8221; onclick=&#8221;link_image&#8221;][\/vc_column][vc_column width=&#8221;1\/4&#8243;][vc_single_image image=&#8221;3076&#8243; img_size=&#8221;large&#8221; onclick=&#8221;link_image&#8221;][\/vc_column][vc_column width=&#8221;1\/4&#8243;][vc_single_image image=&#8221;3078&#8243; img_size=&#8221;large&#8221; onclick=&#8221;link_image&#8221;][\/vc_column][\/vc_row][vc_row][vc_column width=&#8221;1\/4&#8243;][\/vc_column][vc_column width=&#8221;1\/4&#8243;][vc_single_image image=&#8221;3122&#8243; img_size=&#8221;253&#215;357&#8243; alignment=&#8221;center&#8221; onclick=&#8221;link_image&#8221; css=&#8221;.vc_custom_1617476050716{margin-bottom: 0px !important;}&#8221;][\/vc_column][vc_column width=&#8221;1\/4&#8243;][vc_single_image image=&#8221;4361&#8243; img_size=&#8221;253&#215;357&#8243; alignment=&#8221;center&#8221; onclick=&#8221;link_image&#8221; css=&#8221;.vc_custom_1617632015861{margin-bottom: 0px !important;}&#8221;][\/vc_column][vc_column width=&#8221;1\/4&#8243;][\/vc_column][\/vc_row]<\/p>","protected":false},"excerpt":{"rendered":"<p>[vc_row css=&#8221;.vc_custom_1617475795574{margin-bottom: 40px !important;}&#8221;][vc_column width=&#8221;1\/2&#8243;][\/vc_column][vc_column width=&#8221;1\/2&#8243; css=&#8221;.vc_custom_1617631070020{margin-top: -5px !important;}&#8221;][vc_single_image image=&#8221;4359&#8243; img_size=&#8221;large&#8221; css=&#8221;.vc_custom_1617631515163{margin-top: 20px !important;}&#8221;][\/vc_column][\/vc_row][vc_row][vc_column width=&#8221;1\/4&#8243;][vc_single_image image=&#8221;3033&#8243; img_size=&#8221;large&#8221; onclick=&#8221;link_image&#8221;][\/vc_column][vc_column width=&#8221;1\/4&#8243;][vc_single_image image=&#8221;3080&#8243; img_size=&#8221;large&#8221; onclick=&#8221;link_image&#8221;][\/vc_column][vc_column width=&#8221;1\/4&#8243;][vc_single_image image=&#8221;3076&#8243; img_size=&#8221;large&#8221; onclick=&#8221;link_image&#8221;][\/vc_column][vc_column width=&#8221;1\/4&#8243;][vc_single_image image=&#8221;3078&#8243; img_size=&#8221;large&#8221; onclick=&#8221;link_image&#8221;][\/vc_column][\/vc_row][vc_row][vc_column width=&#8221;1\/4&#8243;][\/vc_column][vc_column width=&#8221;1\/4&#8243;][vc_single_image image=&#8221;3122&#8243; img_size=&#8221;253&#215;357&#8243; alignment=&#8221;center&#8221; onclick=&#8221;link_image&#8221; css=&#8221;.vc_custom_1617476050716{margin-bottom: 0px !important;}&#8221;][\/vc_column][vc_column width=&#8221;1\/4&#8243;][vc_single_image image=&#8221;4361&#8243; img_size=&#8221;253&#215;357&#8243; alignment=&#8221;center&#8221; onclick=&#8221;link_image&#8221; css=&#8221;.vc_custom_1617632015861{margin-bottom: 0px !important;}&#8221;][\/vc_column][vc_column width=&#8221;1\/4&#8243;][\/vc_column][\/vc_row]<\/p>","protected":false},"author":1,"featured_media":3355,"parent":0,"menu_order":0,"comment_status":"closed","ping_status":"closed","template":"","meta":[],"_links":{"self":[{"href":"https:\/\/gss.com.az\/az\/wp-json\/wp\/v2\/pages\/1542"}],"collection":[{"href":"https:\/\/gss.com.az\/az\/wp-json\/wp\/v2\/pages"}],"about":[{"href":"https:\/\/gss.com.az\/az\/wp-json\/wp\/v2\/types\/page"}],"author":[{"embeddable":true,"href":"https:\/\/gss.com.az\/az\/wp-json\/wp\/v2\/users\/1"}],"replies":[{"embeddable":true,"href":"https:\/\/gss.com.az\/az\/wp-json\/wp\/v2\/comments?post=1542"}],"version-history":[{"count":17,"href":"https:\/\/gss.com.az\/az\/wp-json\/wp\/v2\/pages\/1542\/revisions"}],"predecessor-version":[{"id":5357,"href":"https:\/\/gss.com.az\/az\/wp-json\/wp\/v2\/pages\/1542\/revisions\/5357"}],"wp:featuredmedia":[{"embeddable":true,"href":"https:\/\/gss.com.az\/az\/wp-json\/wp\/v2\/media\/3355"}],"wp:attachment":[{"href":"https:\/\/gss.com.az\/az\/wp-json\/wp\/v2\/media?parent=1542"}],"curies":[{"name":"wp","href":"https:\/\/api.w.org\/{rel}","templated":true}]}}