{"id":2286,"date":"2015-11-30T10:01:53","date_gmt":"2015-11-30T10:01:53","guid":{"rendered":"http:\/\/klbtheme.com\/invento\/?page_id=2056"},"modified":"2021-05-26T11:17:58","modified_gmt":"2021-05-26T08:17:58","slug":"home","status":"publish","type":"page","link":"https:\/\/gss.com.az\/az\/","title":{"rendered":"Homejavascript:;"},"content":{"rendered":"<p>[vc_row full_width=&#8221;stretch_row_content_no_spaces&#8221; full_height=&#8221;yes&#8221; equal_height=&#8221;yes&#8221; content_placement=&#8221;middle&#8221; css=&#8221;.vc_custom_1617477099792{margin-top: -80px !important;margin-right: -20px !important;margin-bottom: -80px !important;margin-left: -20px !important;padding-top: 0px !important;padding-right: 0px !important;padding-bottom: 0px !important;padding-left: 0px !important;}&#8221;][vc_column css=&#8221;.vc_custom_1617477108765{margin-top: 0px !important;margin-right: -20px !important;margin-bottom: 0px !important;margin-left: -20px !important;padding-top: 0px !important;padding-right: 0px !important;padding-bottom: 0px !important;padding-left: 0px !important;}&#8221;]<div class=\"sequence-parallax\"><div id=\"sequence\"><span class=\"sequence-prev\">Prev<\/span><span class=\"sequence-next\">Next<\/span><ul class=\"sequence-canvas\"><li class=\"slide-1 bg-animation\"><div class=\"slide-bg content-animation\" style=\"background-image: url(https:\/\/gss.com.az\/wp-content\/uploads\/2021\/04\/Artboard-7.jpg);\"><\/div><div class=\"overlay-paralax content-animation\"><\/div><div class=\"sequence-container content-animation\"><div class=\"sequence-entry\"><div class=\"slide-title\"><p><\/p>\n<p style=\"font-size: 45px;\">Ab\u015feron <span style=\"color: #ffd200;\">Avtomobil <\/span>M\u0259rk\u0259zi<\/p>\n<p><\/p><\/div><div class=\"slide-text\"><p><\/p><\/div><\/div><\/div><\/li><li class=\"slide-1 bg-animation\"><div class=\"slide-bg content-animation\" style=\"background-image: url(https:\/\/gss.com.az\/wp-content\/uploads\/2021\/04\/Artboard-5.jpg);\"><\/div><div class=\"overlay-paralax content-animation\"><\/div><div class=\"sequence-container content-animation\"><div class=\"sequence-entry\"><div class=\"slide-title\"><p><\/p>\n<p style=\"font-size: 45px;\">Madame <span style=\"color: #ffd200;\">Coco<\/span><\/p>\n<p><\/p><\/div><div class=\"slide-text\"><p><\/p><\/div><\/div><\/div><\/li><li class=\"slide-1 bg-animation\"><div class=\"slide-bg content-animation\" style=\"background-image: url(https:\/\/gss.com.az\/wp-content\/uploads\/2021\/04\/Artboard-6.jpg);\"><\/div><div class=\"overlay-paralax content-animation\"><\/div><div class=\"sequence-container content-animation\"><div class=\"sequence-entry\"><div class=\"slide-title\"><p><\/p>\n<p style=\"font-size: 45px;\">Formula 1 <span style=\"color: #ffd200;\">Baku<\/span><\/p>\n<p><\/p><\/div><div class=\"slide-text\"><p><\/p><\/div><\/div><\/div><\/li><li class=\"slide-1 bg-animation\"><div class=\"slide-bg content-animation\" style=\"background-image: url(https:\/\/gss.com.az\/wp-content\/uploads\/2021\/04\/sketchers.jpg);\"><\/div><div class=\"overlay-paralax content-animation\"><\/div><div class=\"sequence-container content-animation\"><div class=\"sequence-entry\"><div class=\"slide-title\"><p><\/p>\n<p style=\"font-size: 45px;\">Skechers<\/p>\n<p><\/p><\/div><div class=\"slide-text\"><p><\/p><\/div><\/div><\/div><\/li><li class=\"slide-1 bg-animation\"><div class=\"slide-bg content-animation\" style=\"background-image: url(https:\/\/gss.com.az\/wp-content\/uploads\/2021\/04\/Tacrecidance.jpg);\"><\/div><div class=\"overlay-paralax content-animation\"><\/div><div class=\"sequence-container content-animation\"><div class=\"sequence-entry\"><div class=\"slide-title\"><p><\/p>\n<p style=\"font-size: 45px;\"><span style=\"color: #ffd200;\">Tac <\/span>Residence<\/p>\n<p><\/p><\/div><div class=\"slide-text\"><p><\/p><\/div><\/div><\/div><\/li><li class=\"slide-1 bg-animation\"><div class=\"slide-bg content-animation\" style=\"background-image: url(https:\/\/gss.com.az\/wp-content\/uploads\/2021\/04\/SumqayitNizami-kinoteatri.jpg);\"><\/div><div class=\"overlay-paralax content-animation\"><\/div><div class=\"sequence-container content-animation\"><div class=\"sequence-entry\"><div class=\"slide-title\"><p><\/p>\n<p style=\"font-size: 45px;\">Sumqayit <span style=\"color: #ffd200;\">\u00a0Nizami <\/span> Kinoteatr<\/p>\n<div id=\"gtx-trans\" style=\"position: absolute; left: -4px; top: 25px;\">\n<div class=\"gtx-trans-icon\"><\/div>\n<\/div>\n<p><\/p><\/div><div class=\"slide-text\"><p><\/p><\/div><\/div><\/div><\/li><li class=\"slide-1 bg-animation\"><div class=\"slide-bg content-animation\" style=\"background-image: url(https:\/\/gss.com.az\/wp-content\/uploads\/2021\/04\/favoritmarket.jpg);\"><\/div><div class=\"overlay-paralax content-animation\"><\/div><div class=\"sequence-container content-animation\"><div class=\"sequence-entry\"><div class=\"slide-title\"><p><\/p>\n<p style=\"font-size: 45px;\"><span style=\"color: #ffd200;\">Favorit <\/span>Market<\/p>\n<p><\/p><\/div><div class=\"slide-text\"><p><\/p><\/div><\/div><\/div><\/li><li class=\"slide-1 bg-animation\"><div class=\"slide-bg content-animation\" style=\"background-image: url(https:\/\/gss.com.az\/wp-content\/uploads\/2021\/04\/Artboard-3-3.jpg);\"><\/div><div class=\"overlay-paralax content-animation\"><\/div><div class=\"sequence-container content-animation\"><div class=\"sequence-entry\"><div class=\"slide-title\"><p><\/p>\n<p style=\"font-size: 45px;\"><span style=\"color: #ffd200;\">Buta <\/span>Aptek<\/p>\n<div id=\"gtx-trans\" style=\"position: absolute; left: 292px; top: 25px;\">\n<div class=\"gtx-trans-icon\"><\/div>\n<\/div>\n<p><\/p><\/div><div class=\"slide-text\"><p><\/p><\/div><\/div><\/div><\/li><\/ul><\/div><\/div>[\/vc_column][\/vc_row][vc_row full_width=&#8221;stretch_row_content_no_spaces&#8221; content_placement=&#8221;middle&#8221; css=&#8221;.vc_custom_1622015398264{margin-top: 80px !important;margin-bottom: 80px !important;}&#8221;][vc_column] <section class=\"section parallax bg-grey parallax-bg-1\">\r\n\t            <div class=\"full-bg-image\" style=\"background-image:url(https:\/\/gss.com.az\/wp-content\/uploads\/2021\/05\/2600x1712-copy-scaled-2.jpg);\"><\/div><div class=\"overlay-paralax\"><\/div>\r\n                <div class=\"container\">\r\n                 \t<div class=\"row\">\r\n                        <div class=\"col-xs-12\">\r\n                            <div class=\"section-title\" >\r\n                               <h3>Haz\u0131rda \u00e7al\u0131\u015fd\u0131\u011f\u0131m\u0131z layih\u0259l\u0259r<\/h3>\r\n                                <h4><\/h4>\r\n                            <\/div>\t\t\t\t\t\t\t\r\n                        <\/div>\r\n                    <\/div>\r\n\t\t\t\t\t<div class=\"row\"><div class=\"carousel\"><div id=\"owl-slider\" class=\"owl-slider\"><div class=\"item\"><div class=\"article-thumb\"><a href=\"https:\/\/gss.com.az\/az\/portfolio\/metro\/\"><img src=\"https:\/\/gss.com.az\/wp-content\/uploads\/2021\/04\/logos-22-3-337x289.jpg\" alt=\"Metro\"><\/a><\/div><div class=\"article-content\"><div class=\"entry-body\"><div class=\"entry-meta with-icon\"><h4 class=\"entry-title camera\"><a href=\"https:\/\/gss.com.az\/az\/portfolio\/metro\/\">Metro<\/a><\/h4><span class=\"entry-date\">07.04.2021<\/span>\t<\/div><div class=\"entry-excerpt\"><p>[vc_row][vc_column][vc_column_text]Nam convallis ipsum. Maecenas a vulputate ipsum, vestibulum lobortis enim. Sed consequat felis. Proin amet<\/p><\/div><div class=\"bottom-meta\"><a href=\"https:\/\/gss.com.az\/az\/portfolio\/metro\/\"><span class=\"text-more\">Read More<\/span><\/a><a href=\"#\" class=\"jm-post-like entry-like\" data-post_id=\"4666\" title=\"Like\"><i class=\"fa fa-heart-o icon-unlike\"><\/i><\/a><\/div><\/div><\/div><\/div><div class=\"item\"><div class=\"article-thumb\"><a href=\"https:\/\/gss.com.az\/az\/portfolio\/ministry-of-transport-communications-and-high-technologies-of-the-republic-of-azerbaijan\/\"><img src=\"https:\/\/gss.com.az\/wp-content\/uploads\/2021\/04\/logos-25-1-337x289.jpg\" alt=\"MINISTRY OF TRANSPORT\"><\/a><\/div><div class=\"article-content\"><div class=\"entry-body\"><div class=\"entry-meta with-icon\"><h4 class=\"entry-title camera\"><a href=\"https:\/\/gss.com.az\/az\/portfolio\/ministry-of-transport-communications-and-high-technologies-of-the-republic-of-azerbaijan\/\">MINISTRY OF TRANSPORT<\/a><\/h4><span class=\"entry-date\">07.04.2021<\/span>\t<\/div><div class=\"entry-excerpt\"><p>[vc_row][vc_column][vc_column_text]Nam convallis ipsum. Maecenas a vulputate ipsum, vestibulum lobortis enim. Sed consequat felis. Proin amet<\/p><\/div><div class=\"bottom-meta\"><a href=\"https:\/\/gss.com.az\/az\/portfolio\/ministry-of-transport-communications-and-high-technologies-of-the-republic-of-azerbaijan\/\"><span class=\"text-more\">Read More<\/span><\/a><a href=\"#\" class=\"jm-post-like entry-like\" data-post_id=\"4897\" title=\"Like\"><i class=\"fa fa-heart-o icon-unlike\"><\/i><\/a><\/div><\/div><\/div><\/div><div class=\"item\"><div class=\"article-thumb\"><a href=\"https:\/\/gss.com.az\/az\/portfolio\/tac-rsidence\/\"><img src=\"https:\/\/gss.com.az\/wp-content\/uploads\/2021\/05\/logos-24-1-337x289.jpg\" alt=\"TAC RSIDENCE\"><\/a><\/div><div class=\"article-content\"><div class=\"entry-body\"><div class=\"entry-meta with-icon\"><h4 class=\"entry-title camera\"><a href=\"https:\/\/gss.com.az\/az\/portfolio\/tac-rsidence\/\">TAC RSIDENCE<\/a><\/h4><span class=\"entry-date\">26.05.2021<\/span>\t<\/div><div class=\"entry-excerpt\"><p>[vc_row][vc_column][vc_column_text]Nam convallis ipsum. Maecenas a vulputate ipsum, vestibulum lobortis enim. Sed consequat felis. Proin amet<\/p><\/div><div class=\"bottom-meta\"><a href=\"https:\/\/gss.com.az\/az\/portfolio\/tac-rsidence\/\"><span class=\"text-more\">Read More<\/span><\/a><a href=\"#\" class=\"jm-post-like entry-like\" data-post_id=\"5456\" title=\"Like\"><i class=\"fa fa-heart-o icon-unlike\"><\/i><\/a><\/div><\/div><\/div><\/div><div class=\"item\"><div class=\"article-thumb\"><a href=\"https:\/\/gss.com.az\/az\/portfolio\/ticar%c9%99t-v%c9%99-%c9%99yl%c9%99nc%c9%99-m%c9%99rk%c9%99zi-sevinc-moll\/\"><img src=\"https:\/\/gss.com.az\/wp-content\/uploads\/2021\/05\/logos-24-1-1-337x289.jpg\" alt=\"TICAR\u018fT V\u018f \u018fYL\u018fNC\u018f M\u018fRK\u018fZI SEVINC MOLL\"><\/a><\/div><div class=\"article-content\"><div class=\"entry-body\"><div class=\"entry-meta with-icon\"><h4 class=\"entry-title camera\"><a href=\"https:\/\/gss.com.az\/az\/portfolio\/ticar%c9%99t-v%c9%99-%c9%99yl%c9%99nc%c9%99-m%c9%99rk%c9%99zi-sevinc-moll\/\">TICAR\u018fT V\u018f \u018fYL\u018fNC\u018f M\u018fRK\u018fZI SEVINC MOLL<\/a><\/h4><span class=\"entry-date\">26.05.2021<\/span>\t<\/div><div class=\"entry-excerpt\"><p>[vc_row][vc_column][vc_column_text]Nam convallis ipsum. Maecenas a vulputate ipsum, vestibulum lobortis enim. Sed consequat felis. Proin amet<\/p><\/div><div class=\"bottom-meta\"><a href=\"https:\/\/gss.com.az\/az\/portfolio\/ticar%c9%99t-v%c9%99-%c9%99yl%c9%99nc%c9%99-m%c9%99rk%c9%99zi-sevinc-moll\/\"><span class=\"text-more\">Read More<\/span><\/a><a href=\"#\" class=\"jm-post-like entry-like\" data-post_id=\"5461\" title=\"Like\"><i class=\"fa fa-heart-o icon-unlike\"><\/i><\/a><\/div><\/div><\/div><\/div><\/div><\/div><\/div><\/div><\/section>[\/vc_column][\/vc_row][vc_row css=&#8221;.vc_custom_1448632534875{padding-bottom: 60px !important;}&#8221;][vc_column]<h2 class=\"services-title opacity2x\">B\u0130Z\u0130M X\u0130DM\u018fTL\u018fR<\/p>\n<div id=\"gtx-trans\" style=\"position: absolute; left: -103px; top: -10px;\">\n<div class=\"gtx-trans-icon\"><\/div>\n<\/div>\n<p><\/h2>[\/vc_column][vc_column width=&#8221;1\/4&#8243;]<div class=\"box-article\"><a href=\"#0\" target=\"\" title=\"\" class=\"opacity\"><div class=\"content-circle\"><i class=\"fas fa-temperature-high\"><\/i><\/div><div class=\"content-text\"><h3 class=\"content-boxes-title\">\u0130stilik sisteml\u0259ri<\/h3><p><\/p><\/div><\/a><\/div>[\/vc_column][vc_column width=&#8221;1\/4&#8243;]<div class=\"box-article\"><a href=\"#0\" target=\"\" title=\"\" class=\"opacity\"><div class=\"content-circle\"><i class=\"fas fa-snowflake\"><\/i><\/div><div class=\"content-text\"><h3 class=\"content-boxes-title\">Soyutma sisteml\u0259ri<\/h3><p><\/p><\/div><\/a><\/div>[\/vc_column][vc_column width=&#8221;1\/4&#8243;]<div class=\"box-article\"><a href=\"#0\" target=\"\" title=\"\" class=\"opacity\"><div class=\"content-circle\"><i class=\"fas fa-fan\"><\/i><\/div><div class=\"content-text\"><h3 class=\"content-boxes-title\">Havaland\u0131rma sisteml\u0259ri<\/h3><p><\/p><\/div><\/a><\/div>[\/vc_column][vc_column width=&#8221;1\/4&#8243;]<div class=\"box-article\"><a href=\"#0\" target=\"\" title=\"\" class=\"opacity\"><div class=\"content-circle\"><i class=\"fas fa-fire-extinguisher\"><\/i><\/div><div class=\"content-text\"><h3 class=\"content-boxes-title\">Su \u0259sasl\u0131 yan\u011f\u0131n s\u00f6nd\u00fcrm\u0259 sisteml\u0259ri<\/h3><p><\/p><\/div><\/a><\/div>[\/vc_column][\/vc_row][vc_row css=&#8221;.vc_custom_1448632534875{padding-bottom: 60px !important;}&#8221;][vc_column width=&#8221;1\/5&#8243;][\/vc_column][vc_column width=&#8221;1\/5&#8243;][\/vc_column][vc_column width=&#8221;1\/5&#8243;]<a class=\"button turquoise\" style=\"margin-right:15px;\" href=\"https:\/\/gss.com.az\/az\/services\/\" target=\"\" title=\"\">More<\/a>[\/vc_column][vc_column width=&#8221;1\/5&#8243;][\/vc_column][vc_column width=&#8221;1\/5&#8243;][\/vc_column][\/vc_row][vc_row full_width=&#8221;stretch_row_content_no_spaces&#8221; content_placement=&#8221;middle&#8221; css=&#8221;.vc_custom_1622015908955{margin-top: 80px !important;margin-bottom: 0px !important;}&#8221;][vc_column] <section class=\"section parallax bg-grey parallax-bg-1\">\r\n\t            <div class=\"full-bg-image\" style=\"background-image:url(https:\/\/gss.com.az\/wp-content\/uploads\/2021\/04\/2600x1712-copy-scaled.jpg);\"><\/div><div class=\"overlay-paralax\"><\/div>\r\n                <div class=\"container\">\r\n                 \t<div class=\"row\">\r\n                        <div class=\"col-xs-12\">\r\n                            <div class=\"section-title\" >\r\n                               <h3>SON LAY\u0130H\u018fL\u018fR\u0130M\u0130Z<\/h3>\r\n                                <h4><\/h4>\r\n                            <\/div>\t\t\t\t\t\t\t\r\n                        <\/div>\r\n                    <\/div>\r\n\t\t\t\t\t<div class=\"row\"><div class=\"carousel\"><div id=\"owl-slider\" class=\"owl-slider\"><div class=\"item\"><div class=\"article-thumb\"><a href=\"https:\/\/gss.com.az\/az\/2021\/04\/08\/baku-and-goychay-data-collection-centers\/\"><img src=\"https:\/\/gss.com.az\/wp-content\/uploads\/2021\/04\/3-301-337x289.jpg\" alt=\"BAKU AND GOYCHAY DATA COLLECTION CENTERS\"><\/a><\/div><div class=\"article-content\"><div class=\"entry-body\"><div class=\"entry-meta with-icon\"><h4 class=\"entry-title camera\"><a href=\"https:\/\/gss.com.az\/az\/2021\/04\/08\/baku-and-goychay-data-collection-centers\/\">BAKU AND GOYCHAY DATA COLLECTION CENTERS<\/a><\/h4><span class=\"entry-date\">08.04.2021<\/span>\t<\/div><div class=\"entry-excerpt\"><p><\/p><\/div><div class=\"bottom-meta\"><a href=\"https:\/\/gss.com.az\/az\/2021\/04\/08\/baku-and-goychay-data-collection-centers\/\"><span class=\"text-more\">Read More<\/span><\/a><a href=\"#\" class=\"jm-post-like entry-like\" data-post_id=\"5330\" title=\"Like\"><i class=\"fa fa-heart-o icon-unlike\"><\/i>7<\/a><\/div><\/div><\/div><\/div><div class=\"item\"><div class=\"article-thumb\"><a href=\"https:\/\/gss.com.az\/az\/2021\/04\/08\/baku-olympic-stadium\/\"><img src=\"https:\/\/gss.com.az\/wp-content\/uploads\/2021\/04\/Baku_Olympic_Stadium_in_Azerbaijan1-337x289.jpg\" alt=\"BAKU OLYMPIC STADIUM\"><\/a><\/div><div class=\"article-content\"><div class=\"entry-body\"><div class=\"entry-meta with-icon\"><h4 class=\"entry-title camera\"><a href=\"https:\/\/gss.com.az\/az\/2021\/04\/08\/baku-olympic-stadium\/\">BAKI OL\u0130MP\u0130YA Stadionu<\/a><\/h4><span class=\"entry-date\">08.04.2021<\/span>\t<\/div><div class=\"entry-excerpt\"><p><\/p><\/div><div class=\"bottom-meta\"><a href=\"https:\/\/gss.com.az\/az\/2021\/04\/08\/baku-olympic-stadium\/\"><span class=\"text-more\">Read More<\/span><\/a><a href=\"#\" class=\"jm-post-like entry-like\" data-post_id=\"5320\" title=\"Like\"><i class=\"fa fa-heart-o icon-unlike\"><\/i>7<\/a><\/div><\/div><\/div><\/div><div class=\"item\"><div class=\"article-thumb\"><a href=\"https:\/\/gss.com.az\/az\/2021\/04\/08\/azerbaijani-boxing-federation\/\"><img src=\"https:\/\/gss.com.az\/wp-content\/uploads\/2021\/04\/pr-16-national-boxing-federation-azerbaijan1-337x289.jpg\" alt=\"AZERBAIJANI BOXING FEDERATION\"><\/a><\/div><div class=\"article-content\"><div class=\"entry-body\"><div class=\"entry-meta with-icon\"><h4 class=\"entry-title camera\"><a href=\"https:\/\/gss.com.az\/az\/2021\/04\/08\/azerbaijani-boxing-federation\/\">AZERBAIJANI BOXING FEDERATION<\/a><\/h4><span class=\"entry-date\">08.04.2021<\/span>\t<\/div><div class=\"entry-excerpt\"><p><\/p><\/div><div class=\"bottom-meta\"><a href=\"https:\/\/gss.com.az\/az\/2021\/04\/08\/azerbaijani-boxing-federation\/\"><span class=\"text-more\">Read More<\/span><\/a><a href=\"#\" class=\"jm-post-like entry-like\" data-post_id=\"5309\" title=\"Like\"><i class=\"fa fa-heart-o icon-unlike\"><\/i>7<\/a><\/div><\/div><\/div><\/div><div class=\"item\"><div class=\"article-thumb\"><a href=\"https:\/\/gss.com.az\/az\/2021\/04\/08\/astoria-riverside-complex\/\"><img src=\"https:\/\/gss.com.az\/wp-content\/uploads\/2021\/04\/3-201-337x289.jpg\" alt=\"ASTORIA RIVERSIDE COMPLEX\"><\/a><\/div><div class=\"article-content\"><div class=\"entry-body\"><div class=\"entry-meta with-icon\"><h4 class=\"entry-title camera\"><a href=\"https:\/\/gss.com.az\/az\/2021\/04\/08\/astoria-riverside-complex\/\">ASTORIA RIVERSIDE COMPLEX<\/a><\/h4><span class=\"entry-date\">08.04.2021<\/span>\t<\/div><div class=\"entry-excerpt\"><p><\/p><\/div><div class=\"bottom-meta\"><a href=\"https:\/\/gss.com.az\/az\/2021\/04\/08\/astoria-riverside-complex\/\"><span class=\"text-more\">Read More<\/span><\/a><a href=\"#\" class=\"jm-post-like entry-like\" data-post_id=\"5291\" title=\"Like\"><i class=\"fa fa-heart-o icon-unlike\"><\/i>7<\/a><\/div><\/div><\/div><\/div><\/div><\/div><\/div><\/div><\/section>[\/vc_column][\/vc_row][vc_row full_width=&#8221;stretch_row_content_no_spaces&#8221;][vc_column][vc_single_image image=&#8221;5252&#8243; img_size=&#8221;full&#8221;][\/vc_column][\/vc_row][vc_row][vc_column][\/vc_column][\/vc_row]<\/p>","protected":false},"excerpt":{"rendered":"<p>[vc_row full_width=&#8221;stretch_row_content_no_spaces&#8221; full_height=&#8221;yes&#8221; equal_height=&#8221;yes&#8221; content_placement=&#8221;middle&#8221; css=&#8221;.vc_custom_1617477099792{margin-top: -80px !important;margin-right: -20px !important;margin-bottom: -80px !important;margin-left: -20px !important;padding-top: 0px !important;padding-right: 0px !important;padding-bottom: 0px !important;padding-left: 0px !important;}&#8221;][vc_column css=&#8221;.vc_custom_1617477108765{margin-top: 0px !important;margin-right: -20px !important;margin-bottom: 0px !important;margin-left: -20px !important;padding-top: 0px !important;padding-right: 0px !important;padding-bottom: 0px !important;padding-left: 0px !important;}&#8221;][\/vc_column][\/vc_row][vc_row full_width=&#8221;stretch_row_content_no_spaces&#8221; content_placement=&#8221;middle&#8221; css=&#8221;.vc_custom_1622015398264{margin-top: 80px !important;margin-bottom: 80px !important;}&#8221;][vc_column][\/vc_column][\/vc_row][vc_row css=&#8221;.vc_custom_1448632534875{padding-bottom: 60px !important;}&#8221;][vc_column][\/vc_column][vc_column width=&#8221;1\/4&#8243;][\/vc_column][vc_column width=&#8221;1\/4&#8243;][\/vc_column][vc_column width=&#8221;1\/4&#8243;][\/vc_column][vc_column width=&#8221;1\/4&#8243;][\/vc_column][\/vc_row][vc_row css=&#8221;.vc_custom_1448632534875{padding-bottom: 60px<\/p>\n<div class=\"bottom-meta\">\n  <a href=\"https:\/\/gss.com.az\/az\/2021\/04\/08\/astoria-riverside-complex\/\"><span class=\"text-more\">Read More<\/span><\/a><\/div>","protected":false},"author":1,"featured_media":0,"parent":0,"menu_order":0,"comment_status":"closed","ping_status":"closed","template":"","meta":[],"_links":{"self":[{"href":"https:\/\/gss.com.az\/az\/wp-json\/wp\/v2\/pages\/2286"}],"collection":[{"href":"https:\/\/gss.com.az\/az\/wp-json\/wp\/v2\/pages"}],"about":[{"href":"https:\/\/gss.com.az\/az\/wp-json\/wp\/v2\/types\/page"}],"author":[{"embeddable":true,"href":"https:\/\/gss.com.az\/az\/wp-json\/wp\/v2\/users\/1"}],"replies":[{"embeddable":true,"href":"https:\/\/gss.com.az\/az\/wp-json\/wp\/v2\/comments?post=2286"}],"version-history":[{"count":39,"href":"https:\/\/gss.com.az\/az\/wp-json\/wp\/v2\/pages\/2286\/revisions"}],"predecessor-version":[{"id":5473,"href":"https:\/\/gss.com.az\/az\/wp-json\/wp\/v2\/pages\/2286\/revisions\/5473"}],"wp:attachment":[{"href":"https:\/\/gss.com.az\/az\/wp-json\/wp\/v2\/media?parent=2286"}],"curies":[{"name":"wp","href":"https:\/\/api.w.org\/{rel}","templated":true}]}}