{"id":2338,"date":"2021-04-02T13:33:56","date_gmt":"2021-04-02T10:33:56","guid":{"rendered":"http:\/\/gss.bestcreative.az\/?page_id=2338"},"modified":"2021-05-18T11:45:44","modified_gmt":"2021-05-18T08:45:44","slug":"projects","status":"publish","type":"page","link":"https:\/\/gss.com.az\/ru\/projects\/","title":{"rendered":"\u041f\u0440\u043e\u0435\u043a\u0442\u044b"},"content":{"rendered":"<p>[vc_row css=&#8221;.vc_custom_1448252524050{margin-top: -60px !important;}&#8221;][vc_column]<section id=\"folio\" class=\"page full-width\">\r\n               <section class=\"padding-bottom-off\">\r\n                  \r\n               <section id=\"portfolio-items\" class=\"portfolio-items col-5\" ><article class=\"projects  mix mix_all\"><div class=\"work-item lazy-image img\"><div class=\"lazy\"><i class=\"G G_1\"><\/i><i class=\"G G_2\"><\/i><i class=\"G G_3\"><\/i><i class=\"G G_4\"><\/i><i class=\"G G_5\"><\/i><i class=\"G G_6\"><\/i><i class=\"G G_7\"><\/i><i class=\"G G_8\"><\/i><\/div><img src=\"https:\/\/gss.com.az\/wp-content\/uploads\/2021\/04\/25-1-1-1-1-1-1-1-1-1-1-1-1-1-2-1-1-1-1-1-497x365-1-497x365.jpg\" alt=\"N\u0259qliyyat,Rabit\u0259 v\u0259 Y\u00fcks\u0259k Texnologiyalar Nazirliyi Data M\u0259rk\u0259zi\" \/><a href=\"https:\/\/gss.com.az\/ru\/portfolio\/n%c9%99qliyyatrabit%c9%99-v%c9%99-yuks%c9%99k-texnologiyalar-nazirliyi-data-m%c9%99rk%c9%99zi\/\"><div class=\"image-extra\"><div class=\"extra-content\"><h2 class=\"extra-title\">N\u0259qliyyat,Rabit\u0259 v\u0259 Y\u00fcks\u0259k Texnologiyalar Nazirliyi Data M\u0259rk\u0259zi<\/h2><h6 class=\"extra-descript\">\u041f\u0440\u043e\u0435\u043a\u0442\u044b<\/h6><\/div><\/div><\/a><\/div><\/article><article class=\"projects  mix mix_all\"><div class=\"work-item lazy-image img\"><div class=\"lazy\"><i class=\"G G_1\"><\/i><i class=\"G G_2\"><\/i><i class=\"G G_3\"><\/i><i class=\"G G_4\"><\/i><i class=\"G G_5\"><\/i><i class=\"G G_6\"><\/i><i class=\"G G_7\"><\/i><i class=\"G G_8\"><\/i><\/div><img src=\"https:\/\/gss.com.az\/wp-content\/uploads\/2021\/04\/18-2-497x365.jpg\" alt=\"BAKM\u0130L  stansiyas\u0131\" \/><a href=\"https:\/\/gss.com.az\/ru\/portfolio\/bakmil-stansiyasi\/\"><div class=\"image-extra\"><div class=\"extra-content\"><h2 class=\"extra-title\">BAKM\u0130L  stansiyas\u0131<\/h2><h6 class=\"extra-descript\">\u041f\u0440\u043e\u0435\u043a\u0442\u044b<\/h6><\/div><\/div><\/a><\/div><\/article><article class=\"currently-projects  projects  mix mix_all\"><div class=\"work-item lazy-image img\"><div class=\"lazy\"><i class=\"G G_1\"><\/i><i class=\"G G_2\"><\/i><i class=\"G G_3\"><\/i><i class=\"G G_4\"><\/i><i class=\"G G_5\"><\/i><i class=\"G G_6\"><\/i><i class=\"G G_7\"><\/i><i class=\"G G_8\"><\/i><\/div><img src=\"https:\/\/gss.com.az\/wp-content\/uploads\/2021\/05\/logos-24-1-497x365.jpg\" alt=\"TAC RSIDENCE\" \/><a href=\"https:\/\/gss.com.az\/ru\/portfolio\/tac-rsidence\/\"><div class=\"image-extra\"><div class=\"extra-content\"><h2 class=\"extra-title\">TAC RSIDENCE<\/h2><h6 class=\"extra-descript\">Currently projects, Projects<\/h6><\/div><\/div><\/a><\/div><\/article><article class=\"currently-projects  projects  mix mix_all\"><div class=\"work-item lazy-image img\"><div class=\"lazy\"><i class=\"G G_1\"><\/i><i class=\"G G_2\"><\/i><i class=\"G G_3\"><\/i><i class=\"G G_4\"><\/i><i class=\"G G_5\"><\/i><i class=\"G G_6\"><\/i><i class=\"G G_7\"><\/i><i class=\"G G_8\"><\/i><\/div><img src=\"https:\/\/gss.com.az\/wp-content\/uploads\/2021\/05\/logos-24-1-1-497x365.jpg\" alt=\"TICAR\u018fT V\u018f \u018fYL\u018fNC\u018f M\u018fRK\u018fZI SEVINC MOLL\" \/><a href=\"https:\/\/gss.com.az\/ru\/portfolio\/ticar%c9%99t-v%c9%99-%c9%99yl%c9%99nc%c9%99-m%c9%99rk%c9%99zi-sevinc-moll\/\"><div class=\"image-extra\"><div class=\"extra-content\"><h2 class=\"extra-title\">TICAR\u018fT V\u018f \u018fYL\u018fNC\u018f M\u018fRK\u018fZI SEVINC MOLL<\/h2><h6 class=\"extra-descript\">Currently projects, Projects<\/h6><\/div><\/div><\/a><\/div><\/article><article class=\"projects  mix mix_all\"><div class=\"work-item lazy-image img\"><div class=\"lazy\"><i class=\"G G_1\"><\/i><i class=\"G G_2\"><\/i><i class=\"G G_3\"><\/i><i class=\"G G_4\"><\/i><i class=\"G G_5\"><\/i><i class=\"G G_6\"><\/i><i class=\"G G_7\"><\/i><i class=\"G G_8\"><\/i><\/div><img src=\"https:\/\/gss.com.az\/wp-content\/uploads\/2021\/04\/25-1-1-1-1-1-1-1-1-1-1-1-1-1-2-1-1-1-1-1-497x365-3-497x365.png\" alt=\"Bak\u0131 \u015f\u0259h\u0259ri,TAC Residense\" \/><a href=\"https:\/\/gss.com.az\/ru\/portfolio\/baki-s%c9%99h%c9%99ritac-residense\/\"><div class=\"image-extra\"><div class=\"extra-content\"><h2 class=\"extra-title\">Bak\u0131 \u015f\u0259h\u0259ri,TAC Residense<\/h2><h6 class=\"extra-descript\">\u041f\u0440\u043e\u0435\u043a\u0442\u044b<\/h6><\/div><\/div><\/a><\/div><\/article><article class=\"projects  mix mix_all\"><div class=\"work-item lazy-image img\"><div class=\"lazy\"><i class=\"G G_1\"><\/i><i class=\"G G_2\"><\/i><i class=\"G G_3\"><\/i><i class=\"G G_4\"><\/i><i class=\"G G_5\"><\/i><i class=\"G G_6\"><\/i><i class=\"G G_7\"><\/i><i class=\"G G_8\"><\/i><\/div><img src=\"https:\/\/gss.com.az\/wp-content\/uploads\/2021\/04\/5-2-497x365.jpg\" alt=\"Sumqay\u0131t H\u00fcquq MTK\" \/><a href=\"https:\/\/gss.com.az\/ru\/portfolio\/sumqayit-huquq-mtk\/\"><div class=\"image-extra\"><div class=\"extra-content\"><h2 class=\"extra-title\">Sumqay\u0131t H\u00fcquq MTK<\/h2><h6 class=\"extra-descript\">\u041f\u0440\u043e\u0435\u043a\u0442\u044b<\/h6><\/div><\/div><\/a><\/div><\/article><article class=\"projects  mix mix_all\"><div class=\"work-item lazy-image img\"><div class=\"lazy\"><i class=\"G G_1\"><\/i><i class=\"G G_2\"><\/i><i class=\"G G_3\"><\/i><i class=\"G G_4\"><\/i><i class=\"G G_5\"><\/i><i class=\"G G_6\"><\/i><i class=\"G G_7\"><\/i><i class=\"G G_8\"><\/i><\/div><img src=\"https:\/\/gss.com.az\/wp-content\/uploads\/2021\/04\/6-2-497x365.jpg\" alt=\"Underground GYM fitnes zal\" \/><a href=\"https:\/\/gss.com.az\/ru\/portfolio\/underground-gym-fitnes-zal\/\"><div class=\"image-extra\"><div class=\"extra-content\"><h2 class=\"extra-title\">Underground GYM fitnes zal<\/h2><h6 class=\"extra-descript\">\u041f\u0440\u043e\u0435\u043a\u0442\u044b<\/h6><\/div><\/div><\/a><\/div><\/article><article class=\"projects  mix mix_all\"><div class=\"work-item lazy-image img\"><div class=\"lazy\"><i class=\"G G_1\"><\/i><i class=\"G G_2\"><\/i><i class=\"G G_3\"><\/i><i class=\"G G_4\"><\/i><i class=\"G G_5\"><\/i><i class=\"G G_6\"><\/i><i class=\"G G_7\"><\/i><i class=\"G G_8\"><\/i><\/div><img src=\"https:\/\/gss.com.az\/wp-content\/uploads\/2021\/04\/7-2-497x365.jpg\" alt=\"Pa\u015fa data m\u0259rk\u0259zi\" \/><a href=\"https:\/\/gss.com.az\/ru\/portfolio\/pasa-data-m%c9%99rk%c9%99zi\/\"><div class=\"image-extra\"><div class=\"extra-content\"><h2 class=\"extra-title\">Pa\u015fa data m\u0259rk\u0259zi<\/h2><h6 class=\"extra-descript\">\u041f\u0440\u043e\u0435\u043a\u0442\u044b<\/h6><\/div><\/div><\/a><\/div><\/article><article class=\"projects  mix mix_all\"><div class=\"work-item lazy-image img\"><div class=\"lazy\"><i class=\"G G_1\"><\/i><i class=\"G G_2\"><\/i><i class=\"G G_3\"><\/i><i class=\"G G_4\"><\/i><i class=\"G G_5\"><\/i><i class=\"G G_6\"><\/i><i class=\"G G_7\"><\/i><i class=\"G G_8\"><\/i><\/div><img src=\"https:\/\/gss.com.az\/wp-content\/uploads\/2021\/04\/8-2-497x365.jpg\" alt=\"Akademik Z\u0259rif\u0259 \u018fliyeva M\u0259kt\u0259bi\" \/><a href=\"https:\/\/gss.com.az\/ru\/portfolio\/akademik-z%c9%99rif%c9%99-%c9%99liyeva-m%c9%99kt%c9%99bi\/\"><div class=\"image-extra\"><div class=\"extra-content\"><h2 class=\"extra-title\">Akademik Z\u0259rif\u0259 \u018fliyeva M\u0259kt\u0259bi<\/h2><h6 class=\"extra-descript\">\u041f\u0440\u043e\u0435\u043a\u0442\u044b<\/h6><\/div><\/div><\/a><\/div><\/article><article class=\"projects  mix mix_all\"><div class=\"work-item lazy-image img\"><div class=\"lazy\"><i class=\"G G_1\"><\/i><i class=\"G G_2\"><\/i><i class=\"G G_3\"><\/i><i class=\"G G_4\"><\/i><i class=\"G G_5\"><\/i><i class=\"G G_6\"><\/i><i class=\"G G_7\"><\/i><i class=\"G G_8\"><\/i><\/div><img src=\"https:\/\/gss.com.az\/wp-content\/uploads\/2021\/04\/1585556679_azerbaycanin-bu-rayonunda-aptek-yoxdur-497x365.jpg\" alt=\"Buta Farm aptekl\u0259r \u015f\u0259b\u0259k\u0259si\" \/><a href=\"https:\/\/gss.com.az\/ru\/portfolio\/buta-farm-aptekl%c9%99r-s%c9%99b%c9%99k%c9%99si\/\"><div class=\"image-extra\"><div class=\"extra-content\"><h2 class=\"extra-title\">Buta Farm aptekl\u0259r \u015f\u0259b\u0259k\u0259si<\/h2><h6 class=\"extra-descript\">\u041f\u0440\u043e\u0435\u043a\u0442\u044b<\/h6><\/div><\/div><\/a><\/div><\/article><article class=\"projects  mix mix_all\"><div class=\"work-item lazy-image img\"><div class=\"lazy\"><i class=\"G G_1\"><\/i><i class=\"G G_2\"><\/i><i class=\"G G_3\"><\/i><i class=\"G G_4\"><\/i><i class=\"G G_5\"><\/i><i class=\"G G_6\"><\/i><i class=\"G G_7\"><\/i><i class=\"G G_8\"><\/i><\/div><img src=\"https:\/\/gss.com.az\/wp-content\/uploads\/2021\/04\/14-2-497x365.jpg\" alt=\"SKECHERS 28 MOLL\" \/><a href=\"https:\/\/gss.com.az\/ru\/portfolio\/skechers-28-moll\/\"><div class=\"image-extra\"><div class=\"extra-content\"><h2 class=\"extra-title\">SKECHERS 28 MOLL<\/h2><h6 class=\"extra-descript\">\u041f\u0440\u043e\u0435\u043a\u0442\u044b<\/h6><\/div><\/div><\/a><\/div><\/article><article class=\"projects  mix mix_all\"><div class=\"work-item lazy-image img\"><div class=\"lazy\"><i class=\"G G_1\"><\/i><i class=\"G G_2\"><\/i><i class=\"G G_3\"><\/i><i class=\"G G_4\"><\/i><i class=\"G G_5\"><\/i><i class=\"G G_6\"><\/i><i class=\"G G_7\"><\/i><i class=\"G G_8\"><\/i><\/div><img src=\"https:\/\/gss.com.az\/wp-content\/uploads\/2021\/04\/123-497x365.png\" alt=\"CPC MMC  Zavod\" \/><a href=\"https:\/\/gss.com.az\/ru\/portfolio\/cpc-mmc-zavod\/\"><div class=\"image-extra\"><div class=\"extra-content\"><h2 class=\"extra-title\">CPC MMC  Zavod<\/h2><h6 class=\"extra-descript\">\u041f\u0440\u043e\u0435\u043a\u0442\u044b<\/h6><\/div><\/div><\/a><\/div><\/article><article class=\"projects  mix mix_all\"><div class=\"work-item lazy-image img\"><div class=\"lazy\"><i class=\"G G_1\"><\/i><i class=\"G G_2\"><\/i><i class=\"G G_3\"><\/i><i class=\"G G_4\"><\/i><i class=\"G G_5\"><\/i><i class=\"G G_6\"><\/i><i class=\"G G_7\"><\/i><i class=\"G G_8\"><\/i><\/div><img src=\"https:\/\/gss.com.az\/wp-content\/uploads\/2021\/04\/9-1-1-1-1-1-1-1-1-1-1-1-1-1-1-497x365.jpg\" alt=\"Port Baku ofis 7-ci m\u0259rt\u0259b\u0259\" \/><a href=\"https:\/\/gss.com.az\/ru\/portfolio\/16\/\"><div class=\"image-extra\"><div class=\"extra-content\"><h2 class=\"extra-title\">Port Baku ofis 7-ci m\u0259rt\u0259b\u0259<\/h2><h6 class=\"extra-descript\">\u041f\u0440\u043e\u0435\u043a\u0442\u044b<\/h6><\/div><\/div><\/a><\/div><\/article><article class=\"projects  mix mix_all\"><div class=\"work-item lazy-image img\"><div class=\"lazy\"><i class=\"G G_1\"><\/i><i class=\"G G_2\"><\/i><i class=\"G G_3\"><\/i><i class=\"G G_4\"><\/i><i class=\"G G_5\"><\/i><i class=\"G G_6\"><\/i><i class=\"G G_7\"><\/i><i class=\"G G_8\"><\/i><\/div><img src=\"https:\/\/gss.com.az\/wp-content\/uploads\/2021\/04\/23-2-497x365.jpg\" alt=\"Formula 1 yar\u0131\u015fmas\u0131n\u0131n elektrik i\u015fl\u0259ri\" \/><a href=\"https:\/\/gss.com.az\/ru\/portfolio\/15\/\"><div class=\"image-extra\"><div class=\"extra-content\"><h2 class=\"extra-title\">Formula 1 yar\u0131\u015fmas\u0131n\u0131n elektrik i\u015fl\u0259ri<\/h2><h6 class=\"extra-descript\">\u041f\u0440\u043e\u0435\u043a\u0442\u044b<\/h6><\/div><\/div><\/a><\/div><\/article><article class=\"projects  mix mix_all\"><div class=\"work-item lazy-image img\"><div class=\"lazy\"><i class=\"G G_1\"><\/i><i class=\"G G_2\"><\/i><i class=\"G G_3\"><\/i><i class=\"G G_4\"><\/i><i class=\"G G_5\"><\/i><i class=\"G G_6\"><\/i><i class=\"G G_7\"><\/i><i class=\"G G_8\"><\/i><\/div><img src=\"https:\/\/gss.com.az\/wp-content\/uploads\/2021\/04\/19-2-497x365.jpg\" alt=\"Ap\u015feron Avtomobil M\u0259rk\u0259zi\" \/><a href=\"https:\/\/gss.com.az\/ru\/portfolio\/13\/\"><div class=\"image-extra\"><div class=\"extra-content\"><h2 class=\"extra-title\">Ap\u015feron Avtomobil M\u0259rk\u0259zi<\/h2><h6 class=\"extra-descript\">\u041f\u0440\u043e\u0435\u043a\u0442\u044b<\/h6><\/div><\/div><\/a><\/div><\/article><article class=\"projects  mix mix_all\"><div class=\"work-item lazy-image img\"><div class=\"lazy\"><i class=\"G G_1\"><\/i><i class=\"G G_2\"><\/i><i class=\"G G_3\"><\/i><i class=\"G G_4\"><\/i><i class=\"G G_5\"><\/i><i class=\"G G_6\"><\/i><i class=\"G G_7\"><\/i><i class=\"G G_8\"><\/i><\/div><img src=\"https:\/\/gss.com.az\/wp-content\/uploads\/2021\/04\/21-2-497x365.jpg\" alt=\"BD\u0130U\" \/><a href=\"https:\/\/gss.com.az\/ru\/portfolio\/12\/\"><div class=\"image-extra\"><div class=\"extra-content\"><h2 class=\"extra-title\">BD\u0130U<\/h2><h6 class=\"extra-descript\">\u041f\u0440\u043e\u0435\u043a\u0442\u044b<\/h6><\/div><\/div><\/a><\/div><\/article><article class=\"projects  mix mix_all\"><div class=\"work-item lazy-image img\"><div class=\"lazy\"><i class=\"G G_1\"><\/i><i class=\"G G_2\"><\/i><i class=\"G G_3\"><\/i><i class=\"G G_4\"><\/i><i class=\"G G_5\"><\/i><i class=\"G G_6\"><\/i><i class=\"G G_7\"><\/i><i class=\"G G_8\"><\/i><\/div><img src=\"https:\/\/gss.com.az\/wp-content\/uploads\/2021\/04\/17-2-497x365.jpg\" alt=\"Sumqay\u0131t Nizami kinoteatr\u0131\" \/><a href=\"https:\/\/gss.com.az\/ru\/portfolio\/11\/\"><div class=\"image-extra\"><div class=\"extra-content\"><h2 class=\"extra-title\">Sumqay\u0131t Nizami kinoteatr\u0131<\/h2><h6 class=\"extra-descript\">\u041f\u0440\u043e\u0435\u043a\u0442\u044b<\/h6><\/div><\/div><\/a><\/div><\/article><article class=\"projects  mix mix_all\"><div class=\"work-item lazy-image img\"><div class=\"lazy\"><i class=\"G G_1\"><\/i><i class=\"G G_2\"><\/i><i class=\"G G_3\"><\/i><i class=\"G G_4\"><\/i><i class=\"G G_5\"><\/i><i class=\"G G_6\"><\/i><i class=\"G G_7\"><\/i><i class=\"G G_8\"><\/i><\/div><img src=\"https:\/\/gss.com.az\/wp-content\/uploads\/2021\/04\/16-2-497x365.jpg\" alt=\"Beylaqan Olimpiya Idman Kompleksi\" \/><a href=\"https:\/\/gss.com.az\/ru\/portfolio\/10\/\"><div class=\"image-extra\"><div class=\"extra-content\"><h2 class=\"extra-title\">Beylaqan Olimpiya Idman Kompleksi<\/h2><h6 class=\"extra-descript\">\u041f\u0440\u043e\u0435\u043a\u0442\u044b<\/h6><\/div><\/div><\/a><\/div><\/article><article class=\"projects  mix mix_all\"><div class=\"work-item lazy-image img\"><div class=\"lazy\"><i class=\"G G_1\"><\/i><i class=\"G G_2\"><\/i><i class=\"G G_3\"><\/i><i class=\"G G_4\"><\/i><i class=\"G G_5\"><\/i><i class=\"G G_6\"><\/i><i class=\"G G_7\"><\/i><i class=\"G G_8\"><\/i><\/div><img src=\"https:\/\/gss.com.az\/wp-content\/uploads\/2021\/04\/15-2-497x365.jpg\" alt=\"Olimpiya Mediya \u015f\u0259h\u0259rciyi\" \/><a href=\"https:\/\/gss.com.az\/ru\/portfolio\/9\/\"><div class=\"image-extra\"><div class=\"extra-content\"><h2 class=\"extra-title\">Olimpiya Mediya \u015f\u0259h\u0259rciyi<\/h2><h6 class=\"extra-descript\">\u041f\u0440\u043e\u0435\u043a\u0442\u044b<\/h6><\/div><\/div><\/a><\/div><\/article><article class=\"projects  mix mix_all\"><div class=\"work-item lazy-image img\"><div class=\"lazy\"><i class=\"G G_1\"><\/i><i class=\"G G_2\"><\/i><i class=\"G G_3\"><\/i><i class=\"G G_4\"><\/i><i class=\"G G_5\"><\/i><i class=\"G G_6\"><\/i><i class=\"G G_7\"><\/i><i class=\"G G_8\"><\/i><\/div><img src=\"https:\/\/gss.com.az\/wp-content\/uploads\/2021\/04\/13-2-497x365.jpg\" alt=\"Madame Coco G\u0259nc\u0259 Moll\" \/><a href=\"https:\/\/gss.com.az\/ru\/portfolio\/8\/\"><div class=\"image-extra\"><div class=\"extra-content\"><h2 class=\"extra-title\">Madame Coco G\u0259nc\u0259 Moll<\/h2><h6 class=\"extra-descript\">\u041f\u0440\u043e\u0435\u043a\u0442\u044b<\/h6><\/div><\/div><\/a><\/div><\/article><article class=\"projects  mix mix_all\"><div class=\"work-item lazy-image img\"><div class=\"lazy\"><i class=\"G G_1\"><\/i><i class=\"G G_2\"><\/i><i class=\"G G_3\"><\/i><i class=\"G G_4\"><\/i><i class=\"G G_5\"><\/i><i class=\"G G_6\"><\/i><i class=\"G G_7\"><\/i><i class=\"G G_8\"><\/i><\/div><img src=\"https:\/\/gss.com.az\/wp-content\/uploads\/2021\/04\/10-2-497x365.jpg\" alt=\"Sema\u015fka ad\u0131na x\u0259st\u0259xanas\u0131\" \/><a href=\"https:\/\/gss.com.az\/ru\/portfolio\/7\/\"><div class=\"image-extra\"><div class=\"extra-content\"><h2 class=\"extra-title\">Sema\u015fka ad\u0131na x\u0259st\u0259xanas\u0131<\/h2><h6 class=\"extra-descript\">\u041f\u0440\u043e\u0435\u043a\u0442\u044b<\/h6><\/div><\/div><\/a><\/div><\/article><article class=\"projects  mix mix_all\"><div class=\"work-item lazy-image img\"><div class=\"lazy\"><i class=\"G G_1\"><\/i><i class=\"G G_2\"><\/i><i class=\"G G_3\"><\/i><i class=\"G G_4\"><\/i><i class=\"G G_5\"><\/i><i class=\"G G_6\"><\/i><i class=\"G G_7\"><\/i><i class=\"G G_8\"><\/i><\/div><img src=\"https:\/\/gss.com.az\/wp-content\/uploads\/2021\/04\/12-497x365.jpg\" alt=\"Favarit Market Azadl\u0131\u011f pr.\" \/><a href=\"https:\/\/gss.com.az\/ru\/portfolio\/favorit-market\/\"><div class=\"image-extra\"><div class=\"extra-content\"><h2 class=\"extra-title\">Favarit Market Azadl\u0131\u011f pr.<\/h2><h6 class=\"extra-descript\">\u041f\u0440\u043e\u0435\u043a\u0442\u044b<\/h6><\/div><\/div><\/a><\/div><\/article><article class=\"projects  mix mix_all\"><div class=\"work-item lazy-image img\"><div class=\"lazy\"><i class=\"G G_1\"><\/i><i class=\"G G_2\"><\/i><i class=\"G G_3\"><\/i><i class=\"G G_4\"><\/i><i class=\"G G_5\"><\/i><i class=\"G G_6\"><\/i><i class=\"G G_7\"><\/i><i class=\"G G_8\"><\/i><\/div><img src=\"https:\/\/gss.com.az\/wp-content\/uploads\/2021\/04\/4-497x365.jpg\" alt=\"\u0130lin 4 f\u0259sli MTK REGAL Residencs\" \/><a href=\"https:\/\/gss.com.az\/ru\/portfolio\/5\/\"><div class=\"image-extra\"><div class=\"extra-content\"><h2 class=\"extra-title\">\u0130lin 4 f\u0259sli MTK REGAL Residencs<\/h2><h6 class=\"extra-descript\">\u041f\u0440\u043e\u0435\u043a\u0442\u044b<\/h6><\/div><\/div><\/a><\/div><\/article><article class=\"projects  mix mix_all\"><div class=\"work-item lazy-image img\"><div class=\"lazy\"><i class=\"G G_1\"><\/i><i class=\"G G_2\"><\/i><i class=\"G G_3\"><\/i><i class=\"G G_4\"><\/i><i class=\"G G_5\"><\/i><i class=\"G G_6\"><\/i><i class=\"G G_7\"><\/i><i class=\"G G_8\"><\/i><\/div><img src=\"https:\/\/gss.com.az\/wp-content\/uploads\/2021\/04\/11-1-497x365.jpg\" alt=\"Kristal Hotel Bil\u0259c\u0259ri\" \/><a href=\"https:\/\/gss.com.az\/ru\/portfolio\/4\/\"><div class=\"image-extra\"><div class=\"extra-content\"><h2 class=\"extra-title\">Kristal Hotel Bil\u0259c\u0259ri<\/h2><h6 class=\"extra-descript\">\u041f\u0440\u043e\u0435\u043a\u0442\u044b<\/h6><\/div><\/div><\/a><\/div><\/article><article class=\"projects  mix mix_all\"><div class=\"work-item lazy-image img\"><div class=\"lazy\"><i class=\"G G_1\"><\/i><i class=\"G G_2\"><\/i><i class=\"G G_3\"><\/i><i class=\"G G_4\"><\/i><i class=\"G G_5\"><\/i><i class=\"G G_6\"><\/i><i class=\"G G_7\"><\/i><i class=\"G G_8\"><\/i><\/div><img src=\"https:\/\/gss.com.az\/wp-content\/uploads\/2021\/04\/3-497x365.jpg\" alt=\"Kristal Ap\u015feron MTK-n\u0131n layih\u0259l\u0259ri\" \/><a href=\"https:\/\/gss.com.az\/ru\/portfolio\/3\/\"><div class=\"image-extra\"><div class=\"extra-content\"><h2 class=\"extra-title\">Kristal Ap\u015feron MTK-n\u0131n layih\u0259l\u0259ri<\/h2><h6 class=\"extra-descript\">\u041f\u0440\u043e\u0435\u043a\u0442\u044b<\/h6><\/div><\/div><\/a><\/div><\/article><article class=\"projects  mix mix_all\"><div class=\"work-item lazy-image img\"><div class=\"lazy\"><i class=\"G G_1\"><\/i><i class=\"G G_2\"><\/i><i class=\"G G_3\"><\/i><i class=\"G G_4\"><\/i><i class=\"G G_5\"><\/i><i class=\"G G_6\"><\/i><i class=\"G G_7\"><\/i><i class=\"G G_8\"><\/i><\/div><img src=\"https:\/\/gss.com.az\/wp-content\/uploads\/2021\/04\/2-497x365.jpg\" alt=\"REGAL Residencs\" \/><a href=\"https:\/\/gss.com.az\/ru\/portfolio\/2\/\"><div class=\"image-extra\"><div class=\"extra-content\"><h2 class=\"extra-title\">REGAL Residencs<\/h2><h6 class=\"extra-descript\">\u041f\u0440\u043e\u0435\u043a\u0442\u044b<\/h6><\/div><\/div><\/a><\/div><\/article><article class=\"projects  mix mix_all\"><div class=\"work-item lazy-image img\"><div class=\"lazy\"><i class=\"G G_1\"><\/i><i class=\"G G_2\"><\/i><i class=\"G G_3\"><\/i><i class=\"G G_4\"><\/i><i class=\"G G_5\"><\/i><i class=\"G G_6\"><\/i><i class=\"G G_7\"><\/i><i class=\"G G_8\"><\/i><\/div><img src=\"https:\/\/gss.com.az\/wp-content\/uploads\/2021\/04\/1-497x365.jpg\" alt=\"Metopoliten QSC Eliml\u0259r Akademiyas\u0131 \u0130nzibati bina\" \/><a href=\"https:\/\/gss.com.az\/ru\/portfolio\/lorem-ipsum\/\"><div class=\"image-extra\"><div class=\"extra-content\"><h2 class=\"extra-title\">Metopoliten QSC Eliml\u0259r Akademiyas\u0131 \u0130nzibati bina<\/h2><h6 class=\"extra-descript\">\u041f\u0440\u043e\u0435\u043a\u0442\u044b<\/h6><\/div><\/div><\/a><\/div><\/article><\/section><div class=\"portfolio-paging\"><\/div>\r\n               <\/section>\r\n             <\/section>[\/vc_column][\/vc_row]<\/p>","protected":false},"excerpt":{"rendered":"<p>[vc_row css=&#8221;.vc_custom_1448252524050{margin-top: -60px !important;}&#8221;][vc_column][\/vc_column][\/vc_row]<\/p>","protected":false},"author":1,"featured_media":0,"parent":0,"menu_order":0,"comment_status":"closed","ping_status":"closed","template":"frontpage.php","meta":[],"_links":{"self":[{"href":"https:\/\/gss.com.az\/ru\/wp-json\/wp\/v2\/pages\/2338"}],"collection":[{"href":"https:\/\/gss.com.az\/ru\/wp-json\/wp\/v2\/pages"}],"about":[{"href":"https:\/\/gss.com.az\/ru\/wp-json\/wp\/v2\/types\/page"}],"author":[{"embeddable":true,"href":"https:\/\/gss.com.az\/ru\/wp-json\/wp\/v2\/users\/1"}],"replies":[{"embeddable":true,"href":"https:\/\/gss.com.az\/ru\/wp-json\/wp\/v2\/comments?post=2338"}],"version-history":[{"count":11,"href":"https:\/\/gss.com.az\/ru\/wp-json\/wp\/v2\/pages\/2338\/revisions"}],"predecessor-version":[{"id":3951,"href":"https:\/\/gss.com.az\/ru\/wp-json\/wp\/v2\/pages\/2338\/revisions\/3951"}],"wp:attachment":[{"href":"https:\/\/gss.com.az\/ru\/wp-json\/wp\/v2\/media?parent=2338"}],"curies":[{"name":"wp","href":"https:\/\/api.w.org\/{rel}","templated":true}]}}