{"id":1542,"date":"2015-11-25T06:29:27","date_gmt":"2015-11-25T06:29:27","guid":{"rendered":"http:\/\/localhost\/invento\/?page_id=1542"},"modified":"2021-05-18T11:34:56","modified_gmt":"2021-05-18T08:34:56","slug":"about-us","status":"publish","type":"page","link":"https:\/\/gss.com.az\/tr\/about-us\/","title":{"rendered":"Haqq\u0131m\u0131zda"},"content":{"rendered":"<p>[vc_row css=&#8221;.vc_custom_1617475795574{margin-bottom: 40px !important;}&#8221;][vc_column width=&#8221;1\/2&#8243;]<div class=\"opacity\"><h3 class=\"side-gallery-title\"><\/h3><p>GSS.AZ LLC, so\u011futma ve \u0131s\u0131tma ekipmanlar\u0131n\u0131n sat\u0131\u015f\u0131 ve kurulumu i\u00e7in Koreli LG \u015firketinin Azerbaycan Cumhuriyeti'ndeki resmi temsilcisidir ve ayr\u0131ca g\u00fcvenlik ve koruma ekipman\u0131 bak\u0131m\u0131 alan\u0131nda pazarda geni\u015f deneyime sahip \u00f6zel bir \u015firkettir. Hizmetler. \u015eirketin \u00fcr\u00fcnleri, d\u00fcnya pazar\u0131n\u0131n \u00f6nde gelen \u00fcreticilerinin sundu\u011fu bir dizi tamamen i\u015flevsel cihazlar, yang\u0131n alarmlar\u0131, havaland\u0131rma ve iklimlendirme, kazanlar, elektrik sistemleri, profesyonel video g\u00f6zetimi, eri\u015fim kontrol\u00fc ve zaman y\u00f6netimi sistemlerini i\u00e7erir. \u015eirket, uzmanlar\u0131n\u0131n s\u00fcrekli geli\u015fimine ve \u00fcst d\u00fczey profesyonellerin, yenilik\u00e7i fikirlerin ve planlaman\u0131n uygulanmas\u0131nda zengin deneyime sahip \u00fcreticilerin kat\u0131l\u0131m\u0131na, yeteneklerini geli\u015ftirmeleri i\u00e7in ko\u015fullar ve f\u0131rsatlar yaratmalar\u0131na, yeteneklerinden en iyi \u015fekilde yararlanmalar\u0131na b\u00fcy\u00fck \u00f6nem veriyor yeteneklerini ve tam olarak fark\u0131na varmak bir f\u0131rsat yarat\u0131r. \u015eirketimiz bir\u00e7ok devlet ihalesine kat\u0131lm\u0131\u015f ve kazand\u0131\u011f\u0131 ihalelerde yap\u0131lacak i\u015fleri vaktinden \u00f6nce m\u00fc\u015fteriye teslim etmi\u015ftir. \u00d6rne\u011fin (Bak\u00fc Metrosu CJSC, Ula\u015ft\u0131rma, Haberle\u015fme ve Y\u00fcksek Teknolojiler Bakanl\u0131\u011f\u0131, SOCAR, Pasha Holding Veri Merkezi vb.)<\/p><\/div>[\/vc_column][vc_column width=&#8221;1\/2&#8243; css=&#8221;.vc_custom_1617631070020{margin-top: -5px !important;}&#8221;][vc_single_image image=&#8221;4359&#8243; img_size=&#8221;large&#8221; css=&#8221;.vc_custom_1617631515163{margin-top: 20px !important;}&#8221;][\/vc_column][\/vc_row][vc_row][vc_column width=&#8221;1\/4&#8243;][vc_single_image image=&#8221;3033&#8243; img_size=&#8221;large&#8221; onclick=&#8221;link_image&#8221;][\/vc_column][vc_column width=&#8221;1\/4&#8243;][vc_single_image image=&#8221;3080&#8243; img_size=&#8221;large&#8221; onclick=&#8221;link_image&#8221;][\/vc_column][vc_column width=&#8221;1\/4&#8243;][vc_single_image image=&#8221;3076&#8243; img_size=&#8221;large&#8221; onclick=&#8221;link_image&#8221;][\/vc_column][vc_column width=&#8221;1\/4&#8243;][vc_single_image image=&#8221;3078&#8243; img_size=&#8221;large&#8221; onclick=&#8221;link_image&#8221;][\/vc_column][\/vc_row][vc_row][vc_column width=&#8221;1\/4&#8243;][\/vc_column][vc_column width=&#8221;1\/4&#8243;][vc_single_image image=&#8221;3122&#8243; img_size=&#8221;253&#215;357&#8243; alignment=&#8221;center&#8221; onclick=&#8221;link_image&#8221; css=&#8221;.vc_custom_1617476050716{margin-bottom: 0px !important;}&#8221;][\/vc_column][vc_column width=&#8221;1\/4&#8243;][vc_single_image image=&#8221;4361&#8243; img_size=&#8221;253&#215;357&#8243; alignment=&#8221;center&#8221; onclick=&#8221;link_image&#8221; css=&#8221;.vc_custom_1617632015861{margin-bottom: 0px !important;}&#8221;][\/vc_column][vc_column width=&#8221;1\/4&#8243;][\/vc_column][\/vc_row]<\/p>","protected":false},"excerpt":{"rendered":"<p>[vc_row css=&#8221;.vc_custom_1617475795574{margin-bottom: 40px !important;}&#8221;][vc_column width=&#8221;1\/2&#8243;][\/vc_column][vc_column width=&#8221;1\/2&#8243; css=&#8221;.vc_custom_1617631070020{margin-top: -5px !important;}&#8221;][vc_single_image image=&#8221;4359&#8243; img_size=&#8221;large&#8221; css=&#8221;.vc_custom_1617631515163{margin-top: 20px !important;}&#8221;][\/vc_column][\/vc_row][vc_row][vc_column width=&#8221;1\/4&#8243;][vc_single_image image=&#8221;3033&#8243; img_size=&#8221;large&#8221; onclick=&#8221;link_image&#8221;][\/vc_column][vc_column width=&#8221;1\/4&#8243;][vc_single_image image=&#8221;3080&#8243; img_size=&#8221;large&#8221; onclick=&#8221;link_image&#8221;][\/vc_column][vc_column width=&#8221;1\/4&#8243;][vc_single_image image=&#8221;3076&#8243; img_size=&#8221;large&#8221; onclick=&#8221;link_image&#8221;][\/vc_column][vc_column width=&#8221;1\/4&#8243;][vc_single_image image=&#8221;3078&#8243; img_size=&#8221;large&#8221; onclick=&#8221;link_image&#8221;][\/vc_column][\/vc_row][vc_row][vc_column width=&#8221;1\/4&#8243;][\/vc_column][vc_column width=&#8221;1\/4&#8243;][vc_single_image image=&#8221;3122&#8243; img_size=&#8221;253&#215;357&#8243; alignment=&#8221;center&#8221; onclick=&#8221;link_image&#8221; css=&#8221;.vc_custom_1617476050716{margin-bottom: 0px !important;}&#8221;][\/vc_column][vc_column width=&#8221;1\/4&#8243;][vc_single_image image=&#8221;4361&#8243; img_size=&#8221;253&#215;357&#8243; alignment=&#8221;center&#8221; onclick=&#8221;link_image&#8221; css=&#8221;.vc_custom_1617632015861{margin-bottom: 0px !important;}&#8221;][\/vc_column][vc_column width=&#8221;1\/4&#8243;][\/vc_column][\/vc_row]<\/p>","protected":false},"author":1,"featured_media":3355,"parent":0,"menu_order":0,"comment_status":"closed","ping_status":"closed","template":"","meta":[],"_links":{"self":[{"href":"https:\/\/gss.com.az\/tr\/wp-json\/wp\/v2\/pages\/1542"}],"collection":[{"href":"https:\/\/gss.com.az\/tr\/wp-json\/wp\/v2\/pages"}],"about":[{"href":"https:\/\/gss.com.az\/tr\/wp-json\/wp\/v2\/types\/page"}],"author":[{"embeddable":true,"href":"https:\/\/gss.com.az\/tr\/wp-json\/wp\/v2\/users\/1"}],"replies":[{"embeddable":true,"href":"https:\/\/gss.com.az\/tr\/wp-json\/wp\/v2\/comments?post=1542"}],"version-history":[{"count":17,"href":"https:\/\/gss.com.az\/tr\/wp-json\/wp\/v2\/pages\/1542\/revisions"}],"predecessor-version":[{"id":5357,"href":"https:\/\/gss.com.az\/tr\/wp-json\/wp\/v2\/pages\/1542\/revisions\/5357"}],"wp:featuredmedia":[{"embeddable":true,"href":"https:\/\/gss.com.az\/tr\/wp-json\/wp\/v2\/media\/3355"}],"wp:attachment":[{"href":"https:\/\/gss.com.az\/tr\/wp-json\/wp\/v2\/media?parent=1542"}],"curies":[{"name":"wp","href":"https:\/\/api.w.org\/{rel}","templated":true}]}}